{"id":4056,"date":"2021-10-05T12:38:21","date_gmt":"2021-10-05T10:38:21","guid":{"rendered":"https:\/\/dev.tmcnordic.com\/?page_id=4056"},"modified":"2021-10-05T12:38:21","modified_gmt":"2021-10-05T10:38:21","slug":"cookie-policy","status":"publish","type":"page","link":"https:\/\/tmcnordic.com\/sv\/cookie-policy\/","title":{"rendered":"Cookie-policy"},"content":{"rendered":"<div class=\"cli_pg_page_contaner\">\n<h3>Om denna cookiepolicy<\/h3>\n<div>Denna cookiepolicy f\u00f6rklarar vad cookies \u00e4r och hur vi anv\u00e4nder dem, vilka typer av cookies vi anv\u00e4nder, dvs. vilken information vi samlar in med hj\u00e4lp av cookies och hur den informationen anv\u00e4nds, samt hur du kontrollerar dina cookieinst\u00e4llningar. F\u00f6r ytterligare information om hur vi anv\u00e4nder, lagrar och skyddar dina personuppgifter, se v\u00e5r sekretesspolicy.<\/p>\n<p>Du kan n\u00e4r som helst \u00e4ndra eller \u00e5terkalla ditt samtycke fr\u00e5n cookief\u00f6rklaringen p\u00e5 v\u00e5r webbplats.<br \/>\nL\u00e4s mer om vilka vi \u00e4r, hur du kan kontakta oss och hur vi behandlar personuppgifter i v\u00e5r sekretesspolicy.<br \/>\nDitt samtycke g\u00e4ller f\u00f6ljande dom\u00e4ner: dev.tmcnordic.com<br \/>\n<div class=\"cli_user_consent_state\">Ditt nuvarande tillst\u00e5nd: Inget samtycke har givits. <a class=\"cli_manage_current_consent\" style=\"cursor:pointer;text-decoration:underline;\">Hantera ditt samtycke.<\/a> <\/div>\n<\/div>\n<h3>Vad \u00e4r kakor?<\/h3>\n<div>Cookies \u00e4r sm\u00e5 textfiler som anv\u00e4nds f\u00f6r att lagra sm\u00e5 bitar av information. De lagras p\u00e5 din enhet n\u00e4r webbplatsen laddas i din webbl\u00e4sare. Dessa cookies hj\u00e4lper oss att f\u00e5 webbplatsen att fungera korrekt, g\u00f6ra den s\u00e4krare, ge en b\u00e4ttre anv\u00e4ndarupplevelse och f\u00f6rst\u00e5 hur webbplatsen fungerar och att analysera vad som fungerar och var den beh\u00f6ver f\u00f6rb\u00e4ttras.<\/div>\n<h3>Hur anv\u00e4nder vi cookies?<\/h3>\n<div>Som de flesta onlinetj\u00e4nster anv\u00e4nder v\u00e5r webbplats f\u00f6rstaparts- och tredjepartscookies f\u00f6r flera olika \u00e4ndam\u00e5l. F\u00f6rstapartscookies \u00e4r oftast n\u00f6dv\u00e4ndiga f\u00f6r att webbplatsen ska fungera p\u00e5 r\u00e4tt s\u00e4tt, och de samlar inte in n\u00e5gra av dina personligt identifierbara uppgifter.<\/p>\n<p>De tredjepartscookies som anv\u00e4nds p\u00e5 v\u00e5r webbplats anv\u00e4nds fr\u00e4mst f\u00f6r att f\u00f6rst\u00e5 hur webbplatsen fungerar, hur du interagerar med v\u00e5r webbplats, f\u00f6r att h\u00e5lla v\u00e5ra tj\u00e4nster s\u00e4kra, f\u00f6r att tillhandah\u00e5lla annonser som \u00e4r relevanta f\u00f6r dig och f\u00f6r att ge dig en b\u00e4ttre och f\u00f6rb\u00e4ttrad anv\u00e4ndarupplevelse och f\u00f6r att p\u00e5skynda dina framtida interaktioner med v\u00e5r webbplats.<\/p>\n<\/div>\n<h3>Vilka typer av cookies anv\u00e4nder vi?<\/h3>\n<div>Viktigt: Vissa cookies \u00e4r n\u00f6dv\u00e4ndiga f\u00f6r att du ska kunna uppleva alla funktioner p\u00e5 v\u00e5r webbplats. De g\u00f6r det m\u00f6jligt f\u00f6r oss att uppr\u00e4tth\u00e5lla anv\u00e4ndarsessioner och f\u00f6rhindra eventuella s\u00e4kerhetshot. De samlar inte in eller lagrar n\u00e5gon personlig information. Dessa cookies g\u00f6r det till exempel m\u00f6jligt f\u00f6r dig att logga in p\u00e5 ditt konto och l\u00e4gga till produkter i din korg och betala ut s\u00e4kert.<\/p>\n<p>Statistik: Dessa kakor lagrar information som antalet bes\u00f6kare p\u00e5 webbplatsen, antalet unika bes\u00f6kare, vilka sidor p\u00e5 webbplatsen som har bes\u00f6kts, k\u00e4llan till bes\u00f6ket osv. Dessa uppgifter hj\u00e4lper oss att f\u00f6rst\u00e5 och analysera hur v\u00e4l webbplatsen fungerar och var den beh\u00f6ver f\u00f6rb\u00e4ttras.<\/p>\n<p>Marknadsf\u00f6ring: P\u00e5 v\u00e5r webbplats visas annonser. Dessa cookies anv\u00e4nds f\u00f6r att anpassa de annonser som vi visar dig s\u00e5 att de \u00e4r meningsfulla f\u00f6r dig. Dessa cookies hj\u00e4lper oss ocks\u00e5 att h\u00e5lla reda p\u00e5 hur effektiva dessa annonskampanjer \u00e4r.<br \/>\nInformationen som lagras i dessa cookies kan ocks\u00e5 anv\u00e4ndas av tredjepartsleverant\u00f6rer av annonser f\u00f6r att visa dig annonser p\u00e5 andra webbplatser i webbl\u00e4saren.<\/p>\n<p>Funktionell: Det h\u00e4r \u00e4r cookies som hj\u00e4lper till med vissa icke-essentiella funktioner p\u00e5 v\u00e5r webbplats. Dessa funktioner omfattar inb\u00e4ddning av inneh\u00e5ll som videor eller delning av webbplatsens inneh\u00e5ll p\u00e5 sociala medieplattformar.<\/p>\n<p>Inst\u00e4llningar: Dessa cookies hj\u00e4lper oss att lagra dina inst\u00e4llningar och webbl\u00e4sarpreferenser, t.ex. spr\u00e5kpreferenser, s\u00e5 att du f\u00e5r en b\u00e4ttre och effektivare upplevelse vid framtida bes\u00f6k p\u00e5 webbplatsen.<br \/>\n<p>I listan nedan beskrivs de cookies som anv\u00e4nds p\u00e5 v\u00e5r webbplats.<\/p><table class=\"cookielawinfo-row-cat-table cookielawinfo-classic\"><thead><tr><th class=\"cookielawinfo-column-1\">Cookie<\/th><th class=\"cookielawinfo-column-4\">Beskrivning<\/th><\/tr><\/thead><tbody><tr class=\"cookielawinfo-row\"><td class=\"cookielawinfo-column-1\">_ga<\/td><td class=\"cookielawinfo-column-4\">_ga-cookien, som installeras av Google Analytics, ber\u00e4knar data om bes\u00f6kare, sessioner och kampanjer och h\u00e5ller \u00e4ven reda p\u00e5 hur webbplatsen anv\u00e4nds f\u00f6r webbplatsens analysrapport. Cookien lagrar information anonymt och tilldelar ett slumpm\u00e4ssigt genererat nummer f\u00f6r att k\u00e4nna igen unika bes\u00f6kare.<\/td><\/tr><tr class=\"cookielawinfo-row\"><td class=\"cookielawinfo-column-1\">_gat_gtag_UA_140740262_1<\/td><td class=\"cookielawinfo-column-4\">Fastst\u00e4lls av Google f\u00f6r att s\u00e4rskilja anv\u00e4ndare.<\/td><\/tr><tr class=\"cookielawinfo-row\"><td class=\"cookielawinfo-column-1\">_gid<\/td><td class=\"cookielawinfo-column-4\">_gid-cookien installeras av Google Analytics och lagrar information om hur bes\u00f6karna anv\u00e4nder en webbplats, samtidigt som den skapar en analysrapport om webbplatsens prestanda. N\u00e5gra av de uppgifter som samlas in \u00e4r antalet bes\u00f6kare, deras k\u00e4lla och de sidor de bes\u00f6ker anonymt.<\/td><\/tr><tr class=\"cookielawinfo-row\"><td class=\"cookielawinfo-column-1\">SAMTYCKE<\/td><td class=\"cookielawinfo-column-4\">YouTube st\u00e4ller in denna cookie via inb\u00e4ddade youtube-videor och registrerar anonyma statistiska uppgifter.<\/td><\/tr><tr class=\"cookielawinfo-row\"><td class=\"cookielawinfo-column-1\">cookielawinfo-checkbox-advertisement<\/td><td class=\"cookielawinfo-column-4\">Den h\u00e4r cookien s\u00e4tts av GDPR Cookie Consent-plugin och anv\u00e4nds f\u00f6r att registrera anv\u00e4ndarens samtycke till cookies i kategorin \"Advertisement\".<\/td><\/tr><tr class=\"cookielawinfo-row\"><td class=\"cookielawinfo-column-1\">cookielawinfo-checkbox-analytics<\/td><td class=\"cookielawinfo-column-4\">Den h\u00e4r cookien s\u00e4tts av GDPR Cookie Consent-plugin. Cookien anv\u00e4nds f\u00f6r att lagra anv\u00e4ndarens samtycke till cookies i kategorin \"Analytics\".<\/td><\/tr><tr class=\"cookielawinfo-row\"><td class=\"cookielawinfo-column-1\">cookielawinfo-checkbox-funktionell<\/td><td class=\"cookielawinfo-column-4\">Cookien \u00e4r inst\u00e4lld av GDPR-cookiemedgivande f\u00f6r att registrera anv\u00e4ndarens samtycke till cookies i kategorin \"funktionella\".<\/td><\/tr><tr class=\"cookielawinfo-row\"><td class=\"cookielawinfo-column-1\">cookielawinfo-checkbox-necessary<\/td><td class=\"cookielawinfo-column-4\">Den h\u00e4r cookien s\u00e4tts av GDPR Cookie Consent-plugin. Den anv\u00e4nds f\u00f6r att lagra anv\u00e4ndarens samtycke till cookies i kategorin \"N\u00f6dv\u00e4ndigt\".<\/td><\/tr><tr class=\"cookielawinfo-row\"><td class=\"cookielawinfo-column-1\">cookielawinfo-checkbox-others<\/td><td class=\"cookielawinfo-column-4\">Den h\u00e4r cookien s\u00e4tts av GDPR Cookie Consent-plugin. Cookien anv\u00e4nds f\u00f6r att lagra anv\u00e4ndarens samtycke till cookies i kategorin \"Other\".<\/td><\/tr><tr class=\"cookielawinfo-row\"><td class=\"cookielawinfo-column-1\">cookielawinfo-checkbox-performance<\/td><td class=\"cookielawinfo-column-4\">Den h\u00e4r cookien s\u00e4tts av GDPR Cookie Consent-plugin. Cookien anv\u00e4nds f\u00f6r att lagra anv\u00e4ndarens samtycke till cookies i kategorin \"Prestanda\".<\/td><\/tr><tr class=\"cookielawinfo-row\"><td class=\"cookielawinfo-column-1\">CookieLawInfoConsent<\/td><td class=\"cookielawinfo-column-4\">Registrerar standardknappen f\u00f6r motsvarande kategori och statusen f\u00f6r CCPA. Den fungerar endast i samordning med den prim\u00e4ra cookien.<\/td><\/tr><tr class=\"cookielawinfo-row\"><td class=\"cookielawinfo-column-1\">trp_language<\/td><td class=\"cookielawinfo-column-4\">Ingen beskrivning finns tillg\u00e4nglig.<\/td><\/tr><tr class=\"cookielawinfo-row\"><td class=\"cookielawinfo-column-1\">viewed_cookie_policy<\/td><td class=\"cookielawinfo-column-4\">Cookien s\u00e4tts av GDPR Cookie Consent-pluginet och anv\u00e4nds f\u00f6r att lagra om anv\u00e4ndaren har samtyckt till anv\u00e4ndningen av cookies eller inte. Den lagrar inga personuppgifter.<\/td><\/tr><tr class=\"cookielawinfo-row\"><td class=\"cookielawinfo-column-1\">VISITOR_INFO1_LIVE<\/td><td class=\"cookielawinfo-column-4\">En cookie som YouTube anv\u00e4nder f\u00f6r att m\u00e4ta bandbredd som avg\u00f6r om anv\u00e4ndaren f\u00e5r det nya eller gamla spelargr\u00e4nssnittet.<\/td><\/tr><tr class=\"cookielawinfo-row\"><td class=\"cookielawinfo-column-1\">YSC<\/td><td class=\"cookielawinfo-column-4\">YSC-cookie s\u00e4tts av Youtube och anv\u00e4nds f\u00f6r att sp\u00e5ra visningar av inb\u00e4ddade videor p\u00e5 Youtube-sidor.<\/td><\/tr><tr class=\"cookielawinfo-row\"><td class=\"cookielawinfo-column-1\">yt-remote-connected-devices<\/td><td class=\"cookielawinfo-column-4\">YouTube anv\u00e4nder den h\u00e4r cookien f\u00f6r att lagra anv\u00e4ndarens videopreferenser n\u00e4r du anv\u00e4nder inb\u00e4ddad YouTube-video.<\/td><\/tr><tr class=\"cookielawinfo-row\"><td class=\"cookielawinfo-column-1\">yt-remote-device-id<\/td><td class=\"cookielawinfo-column-4\">YouTube anv\u00e4nder den h\u00e4r cookien f\u00f6r att lagra anv\u00e4ndarens videopreferenser n\u00e4r du anv\u00e4nder inb\u00e4ddad YouTube-video.<\/td><\/tr><\/tbody><\/table>\n<\/div>\n<h3>Hur kan jag styra mina inst\u00e4llningar f\u00f6r cookies?<\/h3>\n<div>Om du best\u00e4mmer dig f\u00f6r att \u00e4ndra dina inst\u00e4llningar senare under din webbl\u00e4sarsession kan du klicka p\u00e5 fliken \"Integritets- och cookiepolicy\" p\u00e5 din sk\u00e4rm. D\u00e5 visas meddelandet om samtycke igen och du kan \u00e4ndra dina inst\u00e4llningar eller \u00e5terkalla ditt samtycke helt och h\u00e5llet.<\/p>\n<p>Dessutom erbjuder olika webbl\u00e4sare olika metoder f\u00f6r att blockera och radera cookies som anv\u00e4nds av webbplatser. Du kan \u00e4ndra inst\u00e4llningarna i din webbl\u00e4sare f\u00f6r att blockera\/ta bort cookies. Mer information om hur du hanterar och raderar cookies finns p\u00e5 wikipedia.org, www.allaboutcookies.org.<\/p>\n<\/div>\n<\/div>","protected":false},"excerpt":{"rendered":"<p>Om den h\u00e4r cookiepolicyn Den h\u00e4r cookiepolicyn f\u00f6rklarar vad cookies \u00e4r och hur vi anv\u00e4nder dem, vilka typer av cookies vi anv\u00e4nder, dvs. vilken information vi samlar in med hj\u00e4lp av cookies och...<\/p>","protected":false},"author":10,"featured_media":0,"parent":0,"menu_order":0,"comment_status":"closed","ping_status":"closed","template":"","meta":{"inline_featured_image":false,"footnotes":""},"yoast_head":"<!-- This site is optimized with the Yoast SEO plugin v21.8 - https:\/\/yoast.com\/wordpress\/plugins\/seo\/ -->\n<title>Cookie Policy &#8211; TMC Nordic<\/title>\n<meta name=\"robots\" content=\"index, follow, max-snippet:-1, max-image-preview:large, max-video-preview:-1\" \/>\n<link rel=\"canonical\" href=\"https:\/\/tmcnordic.com\/sv\/cookie-policy\/\" \/>\n<meta property=\"og:locale\" content=\"sv_SE\" \/>\n<meta property=\"og:type\" content=\"article\" \/>\n<meta property=\"og:title\" content=\"Cookie Policy &#8211; TMC Nordic\" \/>\n<meta property=\"og:description\" content=\"About this cookie policy This Cookie Policy explains what cookies are and how we use them, the types of cookies we use i.e, the information we collect using cookies and...\" \/>\n<meta property=\"og:url\" content=\"https:\/\/tmcnordic.com\/sv\/cookie-policy\/\" \/>\n<meta property=\"og:site_name\" content=\"TMC Nordic\" \/>\n<meta property=\"article:publisher\" content=\"https:\/\/www.facebook.com\/tmcnordic-104321511370367\/\" \/>\n<meta property=\"og:image\" content=\"https:\/\/tmcnordic.com\/wp-content\/uploads\/2021\/09\/Group-343-4.png\" \/>\n\t<meta property=\"og:image:width\" content=\"1350\" \/>\n\t<meta property=\"og:image:height\" content=\"1350\" \/>\n\t<meta property=\"og:image:type\" content=\"image\/png\" \/>\n<meta name=\"twitter:card\" content=\"summary_large_image\" \/>\n<meta name=\"twitter:label1\" content=\"Ber\u00e4knad l\u00e4stid\" \/>\n\t<meta name=\"twitter:data1\" content=\"3 minuter\" \/>\n<script type=\"application\/ld+json\" class=\"yoast-schema-graph\">{\"@context\":\"https:\/\/schema.org\",\"@graph\":[{\"@type\":\"WebPage\",\"@id\":\"https:\/\/tmcnordic.com\/cookie-policy\/\",\"url\":\"https:\/\/tmcnordic.com\/cookie-policy\/\",\"name\":\"Cookie Policy &#8211; TMC Nordic\",\"isPartOf\":{\"@id\":\"https:\/\/tmcnordic.com\/#website\"},\"datePublished\":\"2021-10-05T10:38:21+00:00\",\"dateModified\":\"2021-10-05T10:38:21+00:00\",\"breadcrumb\":{\"@id\":\"https:\/\/tmcnordic.com\/cookie-policy\/#breadcrumb\"},\"inLanguage\":\"sv-SE\",\"potentialAction\":[{\"@type\":\"ReadAction\",\"target\":[\"https:\/\/tmcnordic.com\/cookie-policy\/\"]}]},{\"@type\":\"BreadcrumbList\",\"@id\":\"https:\/\/tmcnordic.com\/cookie-policy\/#breadcrumb\",\"itemListElement\":[{\"@type\":\"ListItem\",\"position\":1,\"name\":\"Home\",\"item\":\"https:\/\/tmcnordic.com\/\"},{\"@type\":\"ListItem\",\"position\":2,\"name\":\"Cookie Policy\"}]},{\"@type\":\"WebSite\",\"@id\":\"https:\/\/tmcnordic.com\/#website\",\"url\":\"https:\/\/tmcnordic.com\/\",\"name\":\"TMC Nordic\",\"description\":\"Best distributor of international fragrance, cosmetics, hair- and skincare brands.\",\"publisher\":{\"@id\":\"https:\/\/tmcnordic.com\/#organization\"},\"potentialAction\":[{\"@type\":\"SearchAction\",\"target\":{\"@type\":\"EntryPoint\",\"urlTemplate\":\"https:\/\/tmcnordic.com\/?s={search_term_string}\"},\"query-input\":\"required name=search_term_string\"}],\"inLanguage\":\"sv-SE\"},{\"@type\":\"Organization\",\"@id\":\"https:\/\/tmcnordic.com\/#organization\",\"name\":\"TMC Nordic\",\"url\":\"https:\/\/tmcnordic.com\/\",\"logo\":{\"@type\":\"ImageObject\",\"inLanguage\":\"sv-SE\",\"@id\":\"https:\/\/tmcnordic.com\/#\/schema\/logo\/image\/\",\"url\":\"https:\/\/dev.tmcnordic.com\/wp-content\/uploads\/2021\/09\/Group-343-1.png\",\"contentUrl\":\"https:\/\/dev.tmcnordic.com\/wp-content\/uploads\/2021\/09\/Group-343-1.png\",\"width\":1350,\"height\":1350,\"caption\":\"TMC Nordic\"},\"image\":{\"@id\":\"https:\/\/tmcnordic.com\/#\/schema\/logo\/image\/\"},\"sameAs\":[\"https:\/\/www.facebook.com\/tmcnordic-104321511370367\/\",\"https:\/\/www.instagram.com\/tmcnordic\/\",\"https:\/\/www.linkedin.com\/company\/tmc-nordic\/\"]}]}<\/script>\n<!-- \/ Yoast SEO plugin. -->","yoast_head_json":{"title":"Cookie Policy &#8211; TMC Nordic","robots":{"index":"index","follow":"follow","max-snippet":"max-snippet:-1","max-image-preview":"max-image-preview:large","max-video-preview":"max-video-preview:-1"},"canonical":"https:\/\/tmcnordic.com\/sv\/cookie-policy\/","og_locale":"sv_SE","og_type":"article","og_title":"Cookie Policy &#8211; TMC Nordic","og_description":"About this cookie policy This Cookie Policy explains what cookies are and how we use them, the types of cookies we use i.e, the information we collect using cookies and...","og_url":"https:\/\/tmcnordic.com\/sv\/cookie-policy\/","og_site_name":"TMC Nordic","article_publisher":"https:\/\/www.facebook.com\/tmcnordic-104321511370367\/","og_image":[{"width":1350,"height":1350,"url":"https:\/\/tmcnordic.com\/wp-content\/uploads\/2021\/09\/Group-343-4.png","type":"image\/png"}],"twitter_card":"summary_large_image","twitter_misc":{"Ber\u00e4knad l\u00e4stid":"3 minuter"},"schema":{"@context":"https:\/\/schema.org","@graph":[{"@type":"WebPage","@id":"https:\/\/tmcnordic.com\/cookie-policy\/","url":"https:\/\/tmcnordic.com\/cookie-policy\/","name":"Cookie Policy &#8211; TMC Nordic","isPartOf":{"@id":"https:\/\/tmcnordic.com\/#website"},"datePublished":"2021-10-05T10:38:21+00:00","dateModified":"2021-10-05T10:38:21+00:00","breadcrumb":{"@id":"https:\/\/tmcnordic.com\/cookie-policy\/#breadcrumb"},"inLanguage":"sv-SE","potentialAction":[{"@type":"ReadAction","target":["https:\/\/tmcnordic.com\/cookie-policy\/"]}]},{"@type":"BreadcrumbList","@id":"https:\/\/tmcnordic.com\/cookie-policy\/#breadcrumb","itemListElement":[{"@type":"ListItem","position":1,"name":"Home","item":"https:\/\/tmcnordic.com\/"},{"@type":"ListItem","position":2,"name":"Cookie Policy"}]},{"@type":"WebSite","@id":"https:\/\/tmcnordic.com\/#website","url":"https:\/\/tmcnordic.com\/","name":"TMC Nordic","description":"Best distributor of international fragrance, cosmetics, hair- and skincare brands.","publisher":{"@id":"https:\/\/tmcnordic.com\/#organization"},"potentialAction":[{"@type":"SearchAction","target":{"@type":"EntryPoint","urlTemplate":"https:\/\/tmcnordic.com\/?s={search_term_string}"},"query-input":"required name=search_term_string"}],"inLanguage":"sv-SE"},{"@type":"Organization","@id":"https:\/\/tmcnordic.com\/#organization","name":"TMC Nordic","url":"https:\/\/tmcnordic.com\/","logo":{"@type":"ImageObject","inLanguage":"sv-SE","@id":"https:\/\/tmcnordic.com\/#\/schema\/logo\/image\/","url":"https:\/\/dev.tmcnordic.com\/wp-content\/uploads\/2021\/09\/Group-343-1.png","contentUrl":"https:\/\/dev.tmcnordic.com\/wp-content\/uploads\/2021\/09\/Group-343-1.png","width":1350,"height":1350,"caption":"TMC Nordic"},"image":{"@id":"https:\/\/tmcnordic.com\/#\/schema\/logo\/image\/"},"sameAs":["https:\/\/www.facebook.com\/tmcnordic-104321511370367\/","https:\/\/www.instagram.com\/tmcnordic\/","https:\/\/www.linkedin.com\/company\/tmc-nordic\/"]}]}},"_links":{"self":[{"href":"https:\/\/tmcnordic.com\/sv\/wp-json\/wp\/v2\/pages\/4056"}],"collection":[{"href":"https:\/\/tmcnordic.com\/sv\/wp-json\/wp\/v2\/pages"}],"about":[{"href":"https:\/\/tmcnordic.com\/sv\/wp-json\/wp\/v2\/types\/page"}],"author":[{"embeddable":true,"href":"https:\/\/tmcnordic.com\/sv\/wp-json\/wp\/v2\/users\/10"}],"replies":[{"embeddable":true,"href":"https:\/\/tmcnordic.com\/sv\/wp-json\/wp\/v2\/comments?post=4056"}],"version-history":[{"count":1,"href":"https:\/\/tmcnordic.com\/sv\/wp-json\/wp\/v2\/pages\/4056\/revisions"}],"predecessor-version":[{"id":4057,"href":"https:\/\/tmcnordic.com\/sv\/wp-json\/wp\/v2\/pages\/4056\/revisions\/4057"}],"wp:attachment":[{"href":"https:\/\/tmcnordic.com\/sv\/wp-json\/wp\/v2\/media?parent=4056"}],"curies":[{"name":"wp","href":"https:\/\/api.w.org\/{rel}","templated":true}]}}