{"id":4056,"date":"2021-10-05T12:38:21","date_gmt":"2021-10-05T10:38:21","guid":{"rendered":"https:\/\/dev.tmcnordic.com\/?page_id=4056"},"modified":"2021-10-05T12:38:21","modified_gmt":"2021-10-05T10:38:21","slug":"cookie-policy","status":"publish","type":"page","link":"https:\/\/tmcnordic.com\/da\/cookie-politik\/","title":{"rendered":"Politik om cookies"},"content":{"rendered":"<div class=\"cli_pg_page_contaner\">\n<h3>Om denne cookiepolitik<\/h3>\n<div>Denne cookiepolitik forklarer, hvad cookies er, og hvordan vi bruger dem, hvilke typer cookies vi bruger, dvs. hvilke oplysninger vi indsamler ved hj\u00e6lp af cookies, og hvordan disse oplysninger bruges, og hvordan du styrer dine cookiepr\u00e6ferencer. For yderligere oplysninger om, hvordan vi bruger, gemmer og opbevarer dine personlige oplysninger sikkert, se vores politik om beskyttelse af personlige oplysninger.<\/p>\n<p>Du kan til enhver tid \u00e6ndre eller tilbagekalde dit samtykke fra cookie-erkl\u00e6ringen p\u00e5 vores websted<br \/>\nF\u00e5 mere at vide om, hvem vi er, hvordan du kan kontakte os, og hvordan vi behandler personoplysninger i vores privatlivspolitik.<br \/>\nDit samtykke g\u00e6lder for f\u00f8lgende dom\u00e6ner: dev.tmcnordic.com<br \/>\n<div class=\"cli_user_consent_state\">Din nuv\u00e6rende tilstand: Der er ikke givet samtykke. <a class=\"cli_manage_current_consent\" style=\"cursor:pointer;text-decoration:underline;\">Administrer dit samtykke.<\/a> <\/div>\n<\/div>\n<h3>Hvad er cookies?<\/h3>\n<div>Cookies er sm\u00e5 tekstfiler, der bruges til at gemme sm\u00e5 stykker information. De gemmes p\u00e5 din enhed, n\u00e5r webstedet indl\u00e6ses i din browser. Disse cookies hj\u00e6lper os med at f\u00e5 hjemmesiden til at fungere korrekt, g\u00f8re den mere sikker, give en bedre brugeroplevelse og forst\u00e5, hvordan hjemmesiden fungerer, og analysere, hvad der fungerer, og hvor der er behov for forbedringer.<\/div>\n<h3>Hvordan bruger vi cookies?<\/h3>\n<div>Som de fleste onlinetjenester bruger vores websted f\u00f8rsteparts- og tredjeparts-cookies til flere form\u00e5l. F\u00f8rstepartscookies er for det meste n\u00f8dvendige for at f\u00e5 hjemmesiden til at fungere korrekt, og de indsamler ikke nogen af dine personligt identificerbare data.<\/p>\n<p>De tredjepartscookies, der anvendes p\u00e5 vores websted, bruges prim\u00e6rt til at forst\u00e5, hvordan webstedet fungerer, hvordan du interagerer med vores websted, til at holde vores tjenester sikre, til at levere reklamer, der er relevante for dig, og alt i alt til at give dig en bedre og forbedret brugeroplevelse og til at fremskynde dine fremtidige interaktioner med vores websted.<\/p>\n<\/div>\n<h3>Hvilke typer cookies bruger vi?<\/h3>\n<div>Vigtigt: Nogle cookies er vigtige for, at du kan opleve den fulde funktionalitet p\u00e5 vores websted. De giver os mulighed for at opretholde brugersessioner og forhindre sikkerhedstrusler. De indsamler eller gemmer ikke personlige oplysninger. Disse cookies g\u00f8r det f.eks. muligt for dig at logge ind p\u00e5 din konto og tilf\u00f8je produkter til din kurv samt at betale sikkert ved kassen.<\/p>\n<p>Statistik: Disse cookies gemmer oplysninger om f.eks. antallet af bes\u00f8gende p\u00e5 webstedet, antallet af unikke bes\u00f8gende, hvilke sider p\u00e5 webstedet der er blevet bes\u00f8gt, kilden til bes\u00f8get osv. Disse data hj\u00e6lper os med at forst\u00e5 og analysere, hvor godt hjemmesiden fungerer, og hvor den skal forbedres.<\/p>\n<p>Markedsf\u00f8ring: Vores websted viser reklamer. Disse cookies bruges til at tilpasse de reklamer, som vi viser dig, s\u00e5 de er meningsfulde for dig. Disse cookies hj\u00e6lper os ogs\u00e5 med at holde styr p\u00e5 effektiviteten af disse annoncekampagner.<br \/>\nDe oplysninger, der er gemt i disse cookies, kan ogs\u00e5 bruges af tredjepartsannonceleverand\u00f8rer til ogs\u00e5 at vise dig annoncer p\u00e5 andre websteder i browseren.<\/p>\n<p>Funktionel: Det er cookies, der hj\u00e6lper visse ikke-v\u00e6sentlige funktioner p\u00e5 vores websted. Disse funktioner omfatter indlejring af indhold som f.eks. videoer eller deling af indhold fra webstedet p\u00e5 sociale medieplatforme.<\/p>\n<p>Pr\u00e6ferencer: Disse cookies hj\u00e6lper os med at gemme dine indstillinger og browserpr\u00e6ferencer, f.eks. sprogpr\u00e6ferencer, s\u00e5 du f\u00e5r en bedre og mere effektiv oplevelse ved fremtidige bes\u00f8g p\u00e5 webstedet.<br \/>\n<p>Nedenst\u00e5ende liste indeholder oplysninger om de cookies, der anvendes p\u00e5 vores websted.<\/p><table class=\"cookielawinfo-row-cat-table cookielawinfo-classic\"><thead><tr><th class=\"cookielawinfo-column-1\">Cookie<\/th><th class=\"cookielawinfo-column-4\">Beskrivelse<\/th><\/tr><\/thead><tbody><tr class=\"cookielawinfo-row\"><td class=\"cookielawinfo-column-1\">_ga<\/td><td class=\"cookielawinfo-column-4\">_ga-cookien, der installeres af Google Analytics, beregner bes\u00f8gs-, sessions- og kampagnedata og holder ogs\u00e5 styr p\u00e5 brugen af webstedet til brug for webstedets analyserapport. Cookien gemmer oplysninger anonymt og tildeler et tilf\u00e6ldigt genereret nummer til at genkende unikke bes\u00f8gende.<\/td><\/tr><tr class=\"cookielawinfo-row\"><td class=\"cookielawinfo-column-1\">_gat_gtag_UA_140740262_1<\/td><td class=\"cookielawinfo-column-4\">Indstillet af Google for at skelne brugere fra hinanden.<\/td><\/tr><tr class=\"cookielawinfo-row\"><td class=\"cookielawinfo-column-1\">_gid<\/td><td class=\"cookielawinfo-column-4\">_gid-cookien installeres af Google Analytics og gemmer oplysninger om, hvordan bes\u00f8gende bruger et websted, samtidig med at der oprettes en analyserapport om webstedets ydeevne. Nogle af de data, der indsamles, omfatter antallet af bes\u00f8gende, deres kilde og de sider, de bes\u00f8ger anonymt.<\/td><\/tr><tr class=\"cookielawinfo-row\"><td class=\"cookielawinfo-column-1\">TILLADELSE<\/td><td class=\"cookielawinfo-column-4\">YouTube s\u00e6tter denne cookie via indlejrede youtube-videoer og registrerer anonyme statistiske data.<\/td><\/tr><tr class=\"cookielawinfo-row\"><td class=\"cookielawinfo-column-1\">cookielawinfo-checkbox-advertisement<\/td><td class=\"cookielawinfo-column-4\">Denne cookie, der er indstillet af GDPR Cookie Consent-plugin'et, bruges til at registrere brugerens samtykke til cookies i kategorien \"Annoncering\" .<\/td><\/tr><tr class=\"cookielawinfo-row\"><td class=\"cookielawinfo-column-1\">cookielawinfo-checkbox-analytics<\/td><td class=\"cookielawinfo-column-4\">Denne cookie er indstillet af GDPR Cookie Consent plugin. Cookien bruges til at gemme brugerens samtykke til cookies i kategorien \"Analytics\".<\/td><\/tr><tr class=\"cookielawinfo-row\"><td class=\"cookielawinfo-column-1\">cookielawinfo-checkbox-funktionel<\/td><td class=\"cookielawinfo-column-4\">Cookien er indstillet af GDPR-cookiesamtykke for at registrere brugerens samtykke til cookies i kategorien \"Funktionel\".<\/td><\/tr><tr class=\"cookielawinfo-row\"><td class=\"cookielawinfo-column-1\">cookielawinfo-checkbox-necessary<\/td><td class=\"cookielawinfo-column-4\">Denne cookie er indstillet af GDPR Cookie Consent plugin. Cookien bruges til at gemme brugerens samtykke til cookies i kategorien \"N\u00f8dvendig\".<\/td><\/tr><tr class=\"cookielawinfo-row\"><td class=\"cookielawinfo-column-1\">cookielawinfo-checkbox-others<\/td><td class=\"cookielawinfo-column-4\">Denne cookie er indstillet af GDPR Cookie Consent plugin. Cookien bruges til at gemme brugerens samtykke til cookies i kategorien \"Andet\".<\/td><\/tr><tr class=\"cookielawinfo-row\"><td class=\"cookielawinfo-column-1\">cookielawinfo-checkbox-performance<\/td><td class=\"cookielawinfo-column-4\">Denne cookie er indstillet af GDPR Cookie Consent plugin. Cookien bruges til at gemme brugerens samtykke til cookies i kategorien \"Performance\".<\/td><\/tr><tr class=\"cookielawinfo-row\"><td class=\"cookielawinfo-column-1\">CookieLawInfoConsent<\/td><td class=\"cookielawinfo-column-4\">Registrerer standardknaptilstanden for den tilsvarende kategori og status for CCPA. Den fungerer kun sammen med den prim\u00e6re cookie.<\/td><\/tr><tr class=\"cookielawinfo-row\"><td class=\"cookielawinfo-column-1\">trp_language<\/td><td class=\"cookielawinfo-column-4\">Ingen beskrivelse tilg\u00e6ngelig.<\/td><\/tr><tr class=\"cookielawinfo-row\"><td class=\"cookielawinfo-column-1\">viewed_cookie_policy<\/td><td class=\"cookielawinfo-column-4\">Cookien s\u00e6ttes af GDPR Cookie Consent-plugin'et og bruges til at gemme, om brugeren har givet sit samtykke til brugen af cookies eller ej. Den gemmer ikke nogen personlige data.<\/td><\/tr><tr class=\"cookielawinfo-row\"><td class=\"cookielawinfo-column-1\">VISITOR_INFO1_LIVE<\/td><td class=\"cookielawinfo-column-4\">En cookie, der er sat af YouTube for at m\u00e5le b\u00e5ndbredden, der bestemmer, om brugeren f\u00e5r den nye eller gamle afspillergr\u00e6nseflade.<\/td><\/tr><tr class=\"cookielawinfo-row\"><td class=\"cookielawinfo-column-1\">YSC<\/td><td class=\"cookielawinfo-column-4\">YSC-cookie s\u00e6ttes af Youtube og bruges til at spore visninger af indlejrede videoer p\u00e5 Youtube-sider.<\/td><\/tr><tr class=\"cookielawinfo-row\"><td class=\"cookielawinfo-column-1\">yt-remote-connected-devices<\/td><td class=\"cookielawinfo-column-4\">YouTube inds\u00e6tter denne cookie for at gemme brugerens videopr\u00e6ferencer ved brug af indlejret YouTube-video.<\/td><\/tr><tr class=\"cookielawinfo-row\"><td class=\"cookielawinfo-column-1\">yt-remote-device-id<\/td><td class=\"cookielawinfo-column-4\">YouTube inds\u00e6tter denne cookie for at gemme brugerens videopr\u00e6ferencer ved brug af indlejret YouTube-video.<\/td><\/tr><\/tbody><\/table>\n<\/div>\n<h3>Hvordan kan jeg kontrollere cookie-indstillingerne?<\/h3>\n<div>Hvis du beslutter dig for at \u00e6ndre dine pr\u00e6ferencer senere i l\u00f8bet af din browsing-session, kan du klikke p\u00e5 fanen \"Privacy &amp; Cookie Policy\" p\u00e5 din sk\u00e6rm. Dette vil vise meddelelsen om samtykke igen, s\u00e5 du kan \u00e6ndre dine pr\u00e6ferencer eller tr\u00e6kke dit samtykke helt tilbage.<\/p>\n<p>Desuden tilbyder forskellige browsere forskellige metoder til at blokere og slette cookies, der anvendes af websteder. Du kan \u00e6ndre indstillingerne i din browser for at blokere\/slette cookies. Hvis du vil vide mere om, hvordan du h\u00e5ndterer og sletter cookies, kan du bes\u00f8ge wikipedia.org, www.allaboutcookies.org.<\/p>\n<\/div>\n<\/div>","protected":false},"excerpt":{"rendered":"<p>Om denne cookiepolitik Denne cookiepolitik forklarer, hvad cookies er, og hvordan vi bruger dem, hvilke typer cookies vi bruger, dvs. hvilke oplysninger vi indsamler ved hj\u00e6lp af cookies, og...<\/p>","protected":false},"author":10,"featured_media":0,"parent":0,"menu_order":0,"comment_status":"closed","ping_status":"closed","template":"","meta":{"inline_featured_image":false,"footnotes":""},"yoast_head":"<!-- This site is optimized with the Yoast SEO plugin v22.6 - https:\/\/yoast.com\/wordpress\/plugins\/seo\/ -->\n<title>Cookie Policy &#8211; TMC Nordic<\/title>\n<meta name=\"robots\" content=\"index, follow, max-snippet:-1, max-image-preview:large, max-video-preview:-1\" \/>\n<link rel=\"canonical\" href=\"https:\/\/tmcnordic.com\/da\/cookie-politik\/\" \/>\n<meta property=\"og:locale\" content=\"da_DK\" \/>\n<meta property=\"og:type\" content=\"article\" \/>\n<meta property=\"og:title\" content=\"Cookie Policy &#8211; TMC Nordic\" \/>\n<meta property=\"og:description\" content=\"About this cookie policy This Cookie Policy explains what cookies are and how we use them, the types of cookies we use i.e, the information we collect using cookies and...\" \/>\n<meta property=\"og:url\" content=\"https:\/\/tmcnordic.com\/da\/cookie-politik\/\" \/>\n<meta property=\"og:site_name\" content=\"TMC Nordic\" \/>\n<meta property=\"article:publisher\" content=\"https:\/\/www.facebook.com\/tmcnordic-104321511370367\/\" \/>\n<meta property=\"og:image\" content=\"https:\/\/tmcnordic.com\/wp-content\/uploads\/2021\/09\/Group-343-4.png\" \/>\n\t<meta property=\"og:image:width\" content=\"1350\" \/>\n\t<meta property=\"og:image:height\" content=\"1350\" \/>\n\t<meta property=\"og:image:type\" content=\"image\/png\" \/>\n<meta name=\"twitter:card\" content=\"summary_large_image\" \/>\n<meta name=\"twitter:label1\" content=\"Estimeret l\u00e6setid\" \/>\n\t<meta name=\"twitter:data1\" content=\"3 minutter\" \/>\n<script type=\"application\/ld+json\" class=\"yoast-schema-graph\">{\"@context\":\"https:\/\/schema.org\",\"@graph\":[{\"@type\":\"WebPage\",\"@id\":\"https:\/\/tmcnordic.com\/cookie-policy\/\",\"url\":\"https:\/\/tmcnordic.com\/cookie-policy\/\",\"name\":\"Cookie Policy &#8211; TMC Nordic\",\"isPartOf\":{\"@id\":\"https:\/\/tmcnordic.com\/#website\"},\"datePublished\":\"2021-10-05T10:38:21+00:00\",\"dateModified\":\"2021-10-05T10:38:21+00:00\",\"breadcrumb\":{\"@id\":\"https:\/\/tmcnordic.com\/cookie-policy\/#breadcrumb\"},\"inLanguage\":\"da-DK\",\"potentialAction\":[{\"@type\":\"ReadAction\",\"target\":[\"https:\/\/tmcnordic.com\/cookie-policy\/\"]}]},{\"@type\":\"BreadcrumbList\",\"@id\":\"https:\/\/tmcnordic.com\/cookie-policy\/#breadcrumb\",\"itemListElement\":[{\"@type\":\"ListItem\",\"position\":1,\"name\":\"Home\",\"item\":\"https:\/\/tmcnordic.com\/\"},{\"@type\":\"ListItem\",\"position\":2,\"name\":\"Cookie Policy\"}]},{\"@type\":\"WebSite\",\"@id\":\"https:\/\/tmcnordic.com\/#website\",\"url\":\"https:\/\/tmcnordic.com\/\",\"name\":\"TMC Nordic\",\"description\":\"Best distributor of international fragrance, cosmetics, hair- and skincare brands.\",\"publisher\":{\"@id\":\"https:\/\/tmcnordic.com\/#organization\"},\"potentialAction\":[{\"@type\":\"SearchAction\",\"target\":{\"@type\":\"EntryPoint\",\"urlTemplate\":\"https:\/\/tmcnordic.com\/?s={search_term_string}\"},\"query-input\":\"required name=search_term_string\"}],\"inLanguage\":\"da-DK\"},{\"@type\":\"Organization\",\"@id\":\"https:\/\/tmcnordic.com\/#organization\",\"name\":\"TMC Nordic\",\"url\":\"https:\/\/tmcnordic.com\/\",\"logo\":{\"@type\":\"ImageObject\",\"inLanguage\":\"da-DK\",\"@id\":\"https:\/\/tmcnordic.com\/#\/schema\/logo\/image\/\",\"url\":\"https:\/\/dev.tmcnordic.com\/wp-content\/uploads\/2021\/09\/Group-343-1.png\",\"contentUrl\":\"https:\/\/dev.tmcnordic.com\/wp-content\/uploads\/2021\/09\/Group-343-1.png\",\"width\":1350,\"height\":1350,\"caption\":\"TMC Nordic\"},\"image\":{\"@id\":\"https:\/\/tmcnordic.com\/#\/schema\/logo\/image\/\"},\"sameAs\":[\"https:\/\/www.facebook.com\/tmcnordic-104321511370367\/\",\"https:\/\/www.instagram.com\/tmcnordic\/\",\"https:\/\/www.linkedin.com\/company\/tmc-nordic\/\"]}]}<\/script>\n<!-- \/ Yoast SEO plugin. -->","yoast_head_json":{"title":"Cookie Policy &#8211; TMC Nordic","robots":{"index":"index","follow":"follow","max-snippet":"max-snippet:-1","max-image-preview":"max-image-preview:large","max-video-preview":"max-video-preview:-1"},"canonical":"https:\/\/tmcnordic.com\/da\/cookie-politik\/","og_locale":"da_DK","og_type":"article","og_title":"Cookie Policy &#8211; TMC Nordic","og_description":"About this cookie policy This Cookie Policy explains what cookies are and how we use them, the types of cookies we use i.e, the information we collect using cookies and...","og_url":"https:\/\/tmcnordic.com\/da\/cookie-politik\/","og_site_name":"TMC Nordic","article_publisher":"https:\/\/www.facebook.com\/tmcnordic-104321511370367\/","og_image":[{"width":1350,"height":1350,"url":"https:\/\/tmcnordic.com\/wp-content\/uploads\/2021\/09\/Group-343-4.png","type":"image\/png"}],"twitter_card":"summary_large_image","twitter_misc":{"Estimeret l\u00e6setid":"3 minutter"},"schema":{"@context":"https:\/\/schema.org","@graph":[{"@type":"WebPage","@id":"https:\/\/tmcnordic.com\/cookie-policy\/","url":"https:\/\/tmcnordic.com\/cookie-policy\/","name":"Cookie Policy &#8211; TMC Nordic","isPartOf":{"@id":"https:\/\/tmcnordic.com\/#website"},"datePublished":"2021-10-05T10:38:21+00:00","dateModified":"2021-10-05T10:38:21+00:00","breadcrumb":{"@id":"https:\/\/tmcnordic.com\/cookie-policy\/#breadcrumb"},"inLanguage":"da-DK","potentialAction":[{"@type":"ReadAction","target":["https:\/\/tmcnordic.com\/cookie-policy\/"]}]},{"@type":"BreadcrumbList","@id":"https:\/\/tmcnordic.com\/cookie-policy\/#breadcrumb","itemListElement":[{"@type":"ListItem","position":1,"name":"Home","item":"https:\/\/tmcnordic.com\/"},{"@type":"ListItem","position":2,"name":"Cookie Policy"}]},{"@type":"WebSite","@id":"https:\/\/tmcnordic.com\/#website","url":"https:\/\/tmcnordic.com\/","name":"TMC Nordic","description":"Best distributor of international fragrance, cosmetics, hair- and skincare brands.","publisher":{"@id":"https:\/\/tmcnordic.com\/#organization"},"potentialAction":[{"@type":"SearchAction","target":{"@type":"EntryPoint","urlTemplate":"https:\/\/tmcnordic.com\/?s={search_term_string}"},"query-input":"required name=search_term_string"}],"inLanguage":"da-DK"},{"@type":"Organization","@id":"https:\/\/tmcnordic.com\/#organization","name":"TMC Nordic","url":"https:\/\/tmcnordic.com\/","logo":{"@type":"ImageObject","inLanguage":"da-DK","@id":"https:\/\/tmcnordic.com\/#\/schema\/logo\/image\/","url":"https:\/\/dev.tmcnordic.com\/wp-content\/uploads\/2021\/09\/Group-343-1.png","contentUrl":"https:\/\/dev.tmcnordic.com\/wp-content\/uploads\/2021\/09\/Group-343-1.png","width":1350,"height":1350,"caption":"TMC Nordic"},"image":{"@id":"https:\/\/tmcnordic.com\/#\/schema\/logo\/image\/"},"sameAs":["https:\/\/www.facebook.com\/tmcnordic-104321511370367\/","https:\/\/www.instagram.com\/tmcnordic\/","https:\/\/www.linkedin.com\/company\/tmc-nordic\/"]}]}},"_links":{"self":[{"href":"https:\/\/tmcnordic.com\/da\/wp-json\/wp\/v2\/pages\/4056"}],"collection":[{"href":"https:\/\/tmcnordic.com\/da\/wp-json\/wp\/v2\/pages"}],"about":[{"href":"https:\/\/tmcnordic.com\/da\/wp-json\/wp\/v2\/types\/page"}],"author":[{"embeddable":true,"href":"https:\/\/tmcnordic.com\/da\/wp-json\/wp\/v2\/users\/10"}],"replies":[{"embeddable":true,"href":"https:\/\/tmcnordic.com\/da\/wp-json\/wp\/v2\/comments?post=4056"}],"version-history":[{"count":1,"href":"https:\/\/tmcnordic.com\/da\/wp-json\/wp\/v2\/pages\/4056\/revisions"}],"predecessor-version":[{"id":4057,"href":"https:\/\/tmcnordic.com\/da\/wp-json\/wp\/v2\/pages\/4056\/revisions\/4057"}],"wp:attachment":[{"href":"https:\/\/tmcnordic.com\/da\/wp-json\/wp\/v2\/media?parent=4056"}],"curies":[{"name":"wp","href":"https:\/\/api.w.org\/{rel}","templated":true}]}}