{"id":3642,"date":"2021-10-01T08:08:15","date_gmt":"2021-10-01T07:08:15","guid":{"rendered":"https:\/\/dev.tmcnordic.com\/?page_id=3642"},"modified":"2021-10-04T14:23:03","modified_gmt":"2021-10-04T12:23:03","slug":"contact-us","status":"publish","type":"page","link":"https:\/\/tmcnordic.com\/da\/kontakt-us\/","title":{"rendered":"Kontakt os"},"content":{"rendered":"<div id=\"fws_69d4c5badc36b\"  data-column-margin=\"default\" data-midnight=\"dark\"  class=\"wpb_row vc_row-fluid vc_row vc_row-o-equal-height vc_row-flex vc_row-o-content-middle\"  style=\"padding-top: 0px; padding-bottom: 0px; \"><div class=\"row-bg-wrap\" data-bg-animation=\"none\" data-bg-overlay=\"false\"><div class=\"inner-wrap\"><div class=\"row-bg viewport-desktop\"  style=\"\"><\/div><\/div><\/div><div class=\"row_col_wrap_12 col span_12 dark left\">\n\t<div  class=\"vc_col-sm-6 wpb_column column_container vc_column_container col no-extra-padding inherit_tablet inherit_phone\"  data-padding-pos=\"all\" data-has-bg-color=\"false\" data-bg-color=\"\" data-bg-opacity=\"1\" data-animation=\"\" data-delay=\"0\" >\n\t\t<div class=\"vc_column-inner\" >\n\t\t\t<div class=\"wpb_wrapper\">\n\t\t\t\t\n<div class=\"wpb_text_column wpb_content_element\" >\n\t<div class=\"wpb_wrapper\">\n\t\t<h1 style=\"text-align: left;\">KONTAKT OS<\/h1>\n<p style=\"text-align: left;\">Uanset om du er interesseret i at samarbejde med os, blive en del af teamet eller bare er interesseret, s\u00e5 vil vi gerne h\u00f8re fra dig.<\/p>\n<p>\u00c5bningstider:<br \/>\nmandag-torsdag: 8.30-16.30<br \/>\nfre: 8.30-16.00<\/p>\n<p><i class=\"far fa-phone\"><\/i> +45 4565 5555<\/p>\n<p><i class=\"far fa-envelope\"><\/i> Kunder og ordrer:\u00a0<a href=\"mailto:ordre@tmcnordic.com\">ordre@tmcnordic.com<\/a><br \/>\n<i class=\"far fa-envelope\"><\/i> PR og kommunikation: <a href=\"mailto:presse@tmcnordic.com\">presse@tmcnordic.com<\/a><br \/>\n<i class=\"far fa-envelope\"><\/i> Karriere: <a href=\"mailto:job@tmcnordic.com\">job@tmcnordic.com<\/a><br \/>\n<i class=\"far fa-envelope\"><\/i> Leverand\u00f8rer og andre foresp\u00f8rgsler: <a href=\"mailto:info@tmcnordic.com\">info@tmcnordic.com<\/a><\/p>\n\t<\/div>\n<\/div>\n\n\n\n\n\t\t\t<\/div> \n\t\t<\/div>\n\t<\/div> \n\n\t<div  class=\"vc_col-sm-6 wpb_column column_container vc_column_container col no-extra-padding inherit_tablet inherit_phone\"  data-padding-pos=\"all\" data-has-bg-color=\"false\" data-bg-color=\"\" data-bg-opacity=\"1\" data-animation=\"\" data-delay=\"0\" >\n\t\t<div class=\"vc_column-inner\" >\n\t\t\t<div class=\"wpb_wrapper\">\n\t\t\t\t\n<div class=\"wpb_text_column wpb_content_element\" >\n\t<div class=\"wpb_wrapper\">\n\t\t<h2 style=\"text-align: center;\"><\/h2>\n\n<div class=\"wpcf7 no-js\" id=\"wpcf7-f3673-o1\" lang=\"en-GB\" dir=\"ltr\">\n<div class=\"screen-reader-response\"><p role=\"status\" aria-live=\"polite\" aria-atomic=\"true\"><\/p> <ul><\/ul><\/div>\n<form action=\"\/da\/wp-json\/wp\/v2\/pages\/3642#wpcf7-f3673-o1\" method=\"post\" class=\"wpcf7-form init\" aria-label=\"Kontaktformular\" novalidate=\"novalidate\" data-status=\"init\" data-trp-original-action=\"\/da\/wp-json\/wp\/v2\/pages\/3642#wpcf7-f3673-o1\">\n<div style=\"display: none;\">\n<input type=\"hidden\" name=\"_wpcf7\" value=\"3673\" \/>\n<input type=\"hidden\" name=\"_wpcf7_version\" value=\"5.9.3\" \/>\n<input type=\"hidden\" name=\"_wpcf7_locale\" value=\"en_GB\" \/>\n<input type=\"hidden\" name=\"_wpcf7_unit_tag\" value=\"wpcf7-f3673-o1\" \/>\n<input type=\"hidden\" name=\"_wpcf7_container_post\" value=\"0\" \/>\n<input type=\"hidden\" name=\"_wpcf7_posted_data_hash\" value=\"\" \/>\n<\/div>\n<p><label> Dit navn<br \/>\n<span class=\"wpcf7-form-control-wrap\" data-name=\"your-name\"><input size=\"40\" class=\"wpcf7-form-control wpcf7-text wpcf7-validates-as-required\" aria-required=\"true\" aria-invalid=\"false\" value=\"\" type=\"text\" name=\"your-name\" \/><\/span> <\/label>\n<\/p>\n<p><label> Din e-mail<br \/>\n<span class=\"wpcf7-form-control-wrap\" data-name=\"your-email\"><input size=\"40\" class=\"wpcf7-form-control wpcf7-email wpcf7-validates-as-required wpcf7-text wpcf7-validates-as-email\" aria-required=\"true\" aria-invalid=\"false\" value=\"\" type=\"email\" name=\"your-email\" \/><\/span> <\/label>\n<\/p>\n<p><label> Emne<br \/>\n<span class=\"wpcf7-form-control-wrap\" data-name=\"your-subject\"><input size=\"40\" class=\"wpcf7-form-control wpcf7-text wpcf7-validates-as-required\" aria-required=\"true\" aria-invalid=\"false\" value=\"\" type=\"text\" name=\"your-subject\" \/><\/span> <\/label>\n<\/p>\n<p><label> Din besked<br \/>\n<span class=\"wpcf7-form-control-wrap\" data-name=\"your-message\"><textarea cols=\"40\" rows=\"10\" class=\"wpcf7-form-control wpcf7-textarea wpcf7-validates-as-required\" aria-required=\"true\" aria-invalid=\"false\" name=\"your-message\"><\/textarea><\/span> <\/label>\n<\/p>\n<p><input class=\"wpcf7-form-control wpcf7-submit has-spinner\" type=\"submit\" value=\"Indsend\" \/>\n<\/p><div class=\"wpcf7-response-output\" aria-hidden=\"true\"><\/div>\n<input type=\"hidden\" name=\"trp-form-language\" value=\"da\"\/><\/form>\n<\/div>\n\n\t<\/div>\n<\/div>\n\n\n\n\n\t\t\t<\/div> \n\t\t<\/div>\n\t<\/div> \n<\/div><\/div>","protected":false},"excerpt":{"rendered":"KONTAKT OS Uanset om du er interesseret i at samarbejde med os, blive en del af os eller bare er interesseret, vil vi gerne h\u00f8re fra dig. \u00c5bningstider: Vi er meget interesserede i vores \u00e5bningstider: mandag-torsdag: 8.30-16.30 fre: 8.30-16.00 +45 4565 5555...","protected":false},"author":10,"featured_media":0,"parent":0,"menu_order":0,"comment_status":"closed","ping_status":"closed","template":"","meta":{"inline_featured_image":false,"footnotes":""},"yoast_head":"<!-- This site is optimized with the Yoast SEO plugin v22.6 - https:\/\/yoast.com\/wordpress\/plugins\/seo\/ -->\n<title>Contact us &#8211; TMC Nordic<\/title>\n<meta name=\"description\" content=\"Whether you\u2019re interested in partnering with us, joining us, or you\u2019re just interested, we\u2019d love to hear from you.\" \/>\n<meta name=\"robots\" content=\"index, follow, max-snippet:-1, max-image-preview:large, max-video-preview:-1\" \/>\n<link rel=\"canonical\" href=\"https:\/\/tmcnordic.com\/da\/kontakt-us\/\" \/>\n<meta property=\"og:locale\" content=\"da_DK\" \/>\n<meta property=\"og:type\" content=\"article\" \/>\n<meta property=\"og:title\" content=\"Contact us &#8211; TMC Nordic\" \/>\n<meta property=\"og:description\" content=\"Whether you\u2019re interested in partnering with us, joining us, or you\u2019re just interested, we\u2019d love to hear from you.\" \/>\n<meta property=\"og:url\" content=\"https:\/\/tmcnordic.com\/da\/kontakt-us\/\" \/>\n<meta property=\"og:site_name\" content=\"TMC Nordic\" \/>\n<meta property=\"article:publisher\" content=\"https:\/\/www.facebook.com\/tmcnordic-104321511370367\/\" \/>\n<meta property=\"article:modified_time\" content=\"2021-10-04T12:23:03+00:00\" \/>\n<meta property=\"og:image\" content=\"https:\/\/tmcnordic.com\/wp-content\/uploads\/2021\/09\/Group-343-4.png\" \/>\n\t<meta property=\"og:image:width\" content=\"1350\" \/>\n\t<meta property=\"og:image:height\" content=\"1350\" \/>\n\t<meta property=\"og:image:type\" content=\"image\/png\" \/>\n<meta name=\"twitter:card\" content=\"summary_large_image\" \/>\n<meta name=\"twitter:label1\" content=\"Estimeret l\u00e6setid\" \/>\n\t<meta name=\"twitter:data1\" content=\"1 minut\" \/>\n<script type=\"application\/ld+json\" class=\"yoast-schema-graph\">{\"@context\":\"https:\/\/schema.org\",\"@graph\":[{\"@type\":\"WebPage\",\"@id\":\"https:\/\/tmcnordic.com\/da\/kontakt-us\/\",\"url\":\"https:\/\/tmcnordic.com\/da\/kontakt-us\/\",\"name\":\"Contact us &#8211; TMC Nordic\",\"isPartOf\":{\"@id\":\"https:\/\/tmcnordic.com\/#website\"},\"datePublished\":\"2021-10-01T07:08:15+00:00\",\"dateModified\":\"2021-10-04T12:23:03+00:00\",\"description\":\"Whether you\u2019re interested in partnering with us, joining us, or you\u2019re just interested, we\u2019d love to hear from you.\",\"breadcrumb\":{\"@id\":\"https:\/\/tmcnordic.com\/da\/kontakt-us\/#breadcrumb\"},\"inLanguage\":\"da-DK\",\"potentialAction\":[{\"@type\":\"ReadAction\",\"target\":[\"https:\/\/tmcnordic.com\/da\/kontakt-us\/\"]}]},{\"@type\":\"BreadcrumbList\",\"@id\":\"https:\/\/tmcnordic.com\/da\/kontakt-us\/#breadcrumb\",\"itemListElement\":[{\"@type\":\"ListItem\",\"position\":1,\"name\":\"Home\",\"item\":\"https:\/\/tmcnordic.com\/\"},{\"@type\":\"ListItem\",\"position\":2,\"name\":\"Contact us\"}]},{\"@type\":\"WebSite\",\"@id\":\"https:\/\/tmcnordic.com\/#website\",\"url\":\"https:\/\/tmcnordic.com\/\",\"name\":\"TMC Nordic\",\"description\":\"Best distributor of international fragrance, cosmetics, hair- and skincare brands.\",\"publisher\":{\"@id\":\"https:\/\/tmcnordic.com\/#organization\"},\"potentialAction\":[{\"@type\":\"SearchAction\",\"target\":{\"@type\":\"EntryPoint\",\"urlTemplate\":\"https:\/\/tmcnordic.com\/?s={search_term_string}\"},\"query-input\":\"required name=search_term_string\"}],\"inLanguage\":\"da-DK\"},{\"@type\":\"Organization\",\"@id\":\"https:\/\/tmcnordic.com\/#organization\",\"name\":\"TMC Nordic\",\"url\":\"https:\/\/tmcnordic.com\/\",\"logo\":{\"@type\":\"ImageObject\",\"inLanguage\":\"da-DK\",\"@id\":\"https:\/\/tmcnordic.com\/#\/schema\/logo\/image\/\",\"url\":\"https:\/\/dev.tmcnordic.com\/wp-content\/uploads\/2021\/09\/Group-343-1.png\",\"contentUrl\":\"https:\/\/dev.tmcnordic.com\/wp-content\/uploads\/2021\/09\/Group-343-1.png\",\"width\":1350,\"height\":1350,\"caption\":\"TMC Nordic\"},\"image\":{\"@id\":\"https:\/\/tmcnordic.com\/#\/schema\/logo\/image\/\"},\"sameAs\":[\"https:\/\/www.facebook.com\/tmcnordic-104321511370367\/\",\"https:\/\/www.instagram.com\/tmcnordic\/\",\"https:\/\/www.linkedin.com\/company\/tmc-nordic\/\"]}]}<\/script>\n<!-- \/ Yoast SEO plugin. -->","yoast_head_json":{"title":"Contact us &#8211; TMC Nordic","description":"Whether you\u2019re interested in partnering with us, joining us, or you\u2019re just interested, we\u2019d love to hear from you.","robots":{"index":"index","follow":"follow","max-snippet":"max-snippet:-1","max-image-preview":"max-image-preview:large","max-video-preview":"max-video-preview:-1"},"canonical":"https:\/\/tmcnordic.com\/da\/kontakt-us\/","og_locale":"da_DK","og_type":"article","og_title":"Contact us &#8211; TMC Nordic","og_description":"Whether you\u2019re interested in partnering with us, joining us, or you\u2019re just interested, we\u2019d love to hear from you.","og_url":"https:\/\/tmcnordic.com\/da\/kontakt-us\/","og_site_name":"TMC Nordic","article_publisher":"https:\/\/www.facebook.com\/tmcnordic-104321511370367\/","article_modified_time":"2021-10-04T12:23:03+00:00","og_image":[{"width":1350,"height":1350,"url":"https:\/\/tmcnordic.com\/wp-content\/uploads\/2021\/09\/Group-343-4.png","type":"image\/png"}],"twitter_card":"summary_large_image","twitter_misc":{"Estimeret l\u00e6setid":"1 minut"},"schema":{"@context":"https:\/\/schema.org","@graph":[{"@type":"WebPage","@id":"https:\/\/tmcnordic.com\/da\/kontakt-us\/","url":"https:\/\/tmcnordic.com\/da\/kontakt-us\/","name":"Contact us &#8211; TMC Nordic","isPartOf":{"@id":"https:\/\/tmcnordic.com\/#website"},"datePublished":"2021-10-01T07:08:15+00:00","dateModified":"2021-10-04T12:23:03+00:00","description":"Whether you\u2019re interested in partnering with us, joining us, or you\u2019re just interested, we\u2019d love to hear from you.","breadcrumb":{"@id":"https:\/\/tmcnordic.com\/da\/kontakt-us\/#breadcrumb"},"inLanguage":"da-DK","potentialAction":[{"@type":"ReadAction","target":["https:\/\/tmcnordic.com\/da\/kontakt-us\/"]}]},{"@type":"BreadcrumbList","@id":"https:\/\/tmcnordic.com\/da\/kontakt-us\/#breadcrumb","itemListElement":[{"@type":"ListItem","position":1,"name":"Home","item":"https:\/\/tmcnordic.com\/"},{"@type":"ListItem","position":2,"name":"Contact us"}]},{"@type":"WebSite","@id":"https:\/\/tmcnordic.com\/#website","url":"https:\/\/tmcnordic.com\/","name":"TMC Nordic","description":"Best distributor of international fragrance, cosmetics, hair- and skincare brands.","publisher":{"@id":"https:\/\/tmcnordic.com\/#organization"},"potentialAction":[{"@type":"SearchAction","target":{"@type":"EntryPoint","urlTemplate":"https:\/\/tmcnordic.com\/?s={search_term_string}"},"query-input":"required name=search_term_string"}],"inLanguage":"da-DK"},{"@type":"Organization","@id":"https:\/\/tmcnordic.com\/#organization","name":"TMC Nordic","url":"https:\/\/tmcnordic.com\/","logo":{"@type":"ImageObject","inLanguage":"da-DK","@id":"https:\/\/tmcnordic.com\/#\/schema\/logo\/image\/","url":"https:\/\/dev.tmcnordic.com\/wp-content\/uploads\/2021\/09\/Group-343-1.png","contentUrl":"https:\/\/dev.tmcnordic.com\/wp-content\/uploads\/2021\/09\/Group-343-1.png","width":1350,"height":1350,"caption":"TMC Nordic"},"image":{"@id":"https:\/\/tmcnordic.com\/#\/schema\/logo\/image\/"},"sameAs":["https:\/\/www.facebook.com\/tmcnordic-104321511370367\/","https:\/\/www.instagram.com\/tmcnordic\/","https:\/\/www.linkedin.com\/company\/tmc-nordic\/"]}]}},"_links":{"self":[{"href":"https:\/\/tmcnordic.com\/da\/wp-json\/wp\/v2\/pages\/3642"}],"collection":[{"href":"https:\/\/tmcnordic.com\/da\/wp-json\/wp\/v2\/pages"}],"about":[{"href":"https:\/\/tmcnordic.com\/da\/wp-json\/wp\/v2\/types\/page"}],"author":[{"embeddable":true,"href":"https:\/\/tmcnordic.com\/da\/wp-json\/wp\/v2\/users\/10"}],"replies":[{"embeddable":true,"href":"https:\/\/tmcnordic.com\/da\/wp-json\/wp\/v2\/comments?post=3642"}],"version-history":[{"count":35,"href":"https:\/\/tmcnordic.com\/da\/wp-json\/wp\/v2\/pages\/3642\/revisions"}],"predecessor-version":[{"id":4763,"href":"https:\/\/tmcnordic.com\/da\/wp-json\/wp\/v2\/pages\/3642\/revisions\/4763"}],"wp:attachment":[{"href":"https:\/\/tmcnordic.com\/da\/wp-json\/wp\/v2\/media?parent=3642"}],"curies":[{"name":"wp","href":"https:\/\/api.w.org\/{rel}","templated":true}]}}