{"id":3,"date":"2021-07-28T14:35:52","date_gmt":"2021-07-28T13:35:52","guid":{"rendered":"https:\/\/dev.tmcnordic.com\/?page_id=3"},"modified":"2021-10-05T09:38:04","modified_gmt":"2021-10-05T07:38:04","slug":"privacy-policy","status":"publish","type":"page","link":"https:\/\/tmcnordic.com\/da\/politik-for-beskyttelse-af-personlige-oplysninger\/","title":{"rendered":"Politik om beskyttelse af personlige oplysninger"},"content":{"rendered":"<h2 class=\"wp-block-heading\">Kommentarer<\/h2>\n\n\n\n<p>N\u00e5r bes\u00f8gende efterlader kommentarer p\u00e5 webstedet, indsamler vi de data, der vises i kommentarformularen, og ogs\u00e5 den bes\u00f8gendes IP-adresse og browserens brugeragentstreng for at hj\u00e6lpe med at opdage spam.<\/p>\n\n\n\n<p>En anonymiseret streng, der er oprettet ud fra din e-mailadresse (ogs\u00e5 kaldet en hash), kan blive leveret til Gravatar-tjenesten for at se, om du bruger den. Gravatar-tjenestens politik om beskyttelse af personlige oplysninger findes her: https:\/\/automattic.com\/privacy\/. N\u00e5r din kommentar er godkendt, er dit profilbillede synligt for offentligheden i forbindelse med din kommentar.<\/p>\n\n\n\n<h2 class=\"wp-block-heading\">Medier<\/h2>\n\n\n\n<p>Hvis du uploader billeder til webstedet, b\u00f8r du undg\u00e5 at uploade billeder med indlejrede positionsdata (EXIF GPS). Bes\u00f8gende p\u00e5 webstedet kan downloade og udtr\u00e6kke alle lokaliseringsdata fra billeder p\u00e5 webstedet.<\/p>\n\n\n\n<h2 class=\"wp-block-heading\">Cookies<\/h2>\n\n\n\n<p>Hvis du efterlader en kommentar p\u00e5 vores websted, kan du v\u00e6lge at gemme dit navn, din e-mailadresse og dit websted i cookies. Disse er til din bekvemmelighed, s\u00e5 du ikke beh\u00f8ver at udfylde dine oplysninger igen, n\u00e5r du afgiver en ny kommentar. Disse cookies vil vare i et \u00e5r.<\/p>\n\n\n\n<p>Hvis du bes\u00f8ger vores loginside, s\u00e6tter vi en midlertidig cookie for at fastsl\u00e5, om din browser accepterer cookies. Denne cookie indeholder ingen personlige data og bliver slettet, n\u00e5r du lukker din browser.<\/p>\n\n\n\n<p>N\u00e5r du logger ind, opretter vi ogs\u00e5 flere cookies for at gemme dine loginoplysninger og dine valg af sk\u00e6rmvisning. Login-cookies holder i to dage, og cookies til sk\u00e6rmindstillinger holder i et \u00e5r. Hvis du v\u00e6lger \"Husk mig\", vil dit login blive bevaret i to uger. Hvis du logger ud af din konto, vil login-cookies blive fjernet.<\/p>\n\n\n\n<p>Hvis du redigerer eller udgiver en artikel, gemmes der en ekstra cookie i din browser. Denne cookie indeholder ingen personlige data og angiver blot indl\u00e6gs-id'et for den artikel, du netop har redigeret. Den udl\u00f8ber efter 1 dag.<\/p>\n\n\n\n<h2 class=\"wp-block-heading\">Indlejret indhold fra andre websteder<\/h2>\n\n\n\n<p>Artikler p\u00e5 dette websted kan indeholde indlejret indhold (f.eks. videoer, billeder, artikler osv.). Indlejret indhold fra andre websteder opf\u00f8rer sig p\u00e5 n\u00f8jagtig samme m\u00e5de, som hvis den bes\u00f8gende har bes\u00f8gt det andet websted.<\/p>\n\n\n\n<p>Disse websteder kan indsamle data om dig, bruge cookies, indlejre yderligere sporing fra tredjepart og overv\u00e5ge din interaktion med det indlejrede indhold, herunder spore din interaktion med det indlejrede indhold, hvis du har en konto og er logget ind p\u00e5 det p\u00e5g\u00e6ldende websted.<\/p>\n\n\n\n<h2 class=\"wp-block-heading\">Hvem vi deler dine data med<\/h2>\n\n\n\n<p>Hvis du anmoder om at f\u00e5 nulstillet din adgangskode, vil din IP-adresse blive inkluderet i e-mailen om nulstilling.<\/p>\n\n\n\n<h2 class=\"wp-block-heading\">Hvor l\u00e6nge vi opbevarer dine data<\/h2>\n\n\n\n<p>Hvis du efterlader en kommentar, opbevares kommentaren og dens metadata p\u00e5 ubestemt tid. Det er for at vi kan genkende og godkende eventuelle opf\u00f8lgende kommentarer automatisk i stedet for at holde dem i en k\u00f8 til moderering.<\/p>\n\n\n\n<p>For brugere, der registrerer sig p\u00e5 vores websted (hvis nogen), gemmer vi ogs\u00e5 de personlige oplysninger, som de giver i deres brugerprofil. Alle brugere kan til enhver tid se, redigere eller slette deres personlige oplysninger (bortset fra at de ikke kan \u00e6ndre deres brugernavn). Webstedsadministratorer kan ogs\u00e5 se og redigere disse oplysninger.<\/p>\n\n\n\n<h2 class=\"wp-block-heading\">Hvilke rettigheder du har over dine data<\/h2>\n\n\n\n<p>Hvis du har en konto p\u00e5 dette websted eller har afgivet kommentarer, kan du anmode om at modtage en eksporteret fil med de personoplysninger, vi har om dig, herunder alle de oplysninger, du har givet os. Du kan ogs\u00e5 anmode om, at vi sletter alle personoplysninger, som vi har om dig. Dette omfatter ikke data, som vi er forpligtet til at opbevare af administrative, juridiske eller sikkerhedsm\u00e6ssige \u00e5rsager.<\/p>\n\n\n\n<h2 class=\"wp-block-heading\">Hvor vi sender dine data hen<\/h2>\n\n\n\n<p>Kommentarer fra bes\u00f8gende kan blive kontrolleret af en automatiseret spamdetektionstjeneste.<\/p>","protected":false},"excerpt":{"rendered":"<p>Kommentarer N\u00e5r bes\u00f8gende efterlader kommentarer p\u00e5 webstedet, indsamler vi de data, der vises i kommentarformularen, samt den bes\u00f8gendes IP-adresse og browserens brugeragent-streng for at hj\u00e6lpe...<\/p>","protected":false},"author":10,"featured_media":0,"parent":0,"menu_order":0,"comment_status":"closed","ping_status":"open","template":"","meta":{"inline_featured_image":false,"footnotes":""},"yoast_head":"<!-- This site is optimized with the Yoast SEO plugin v21.8 - https:\/\/yoast.com\/wordpress\/plugins\/seo\/ -->\n<title>Privacy Policy &#8211; TMC Nordic<\/title>\n<meta name=\"robots\" content=\"index, follow, max-snippet:-1, max-image-preview:large, max-video-preview:-1\" \/>\n<link rel=\"canonical\" href=\"https:\/\/tmcnordic.com\/da\/privacy-policy\/\" \/>\n<meta property=\"og:locale\" content=\"da_DK\" \/>\n<meta property=\"og:type\" content=\"article\" \/>\n<meta property=\"og:title\" content=\"Privacy Policy &#8211; TMC Nordic\" \/>\n<meta property=\"og:description\" content=\"Comments When visitors leave comments on the site we collect the data shown in the comments form, and also the visitor\u2019s IP address and browser user agent string to help...\" \/>\n<meta property=\"og:url\" content=\"https:\/\/tmcnordic.com\/da\/privacy-policy\/\" \/>\n<meta property=\"og:site_name\" content=\"TMC Nordic\" \/>\n<meta property=\"article:publisher\" content=\"https:\/\/www.facebook.com\/tmcnordic-104321511370367\/\" \/>\n<meta property=\"article:modified_time\" content=\"2021-10-05T07:38:04+00:00\" \/>\n<meta property=\"og:image\" content=\"https:\/\/tmcnordic.com\/wp-content\/uploads\/2021\/09\/Group-343-4.png\" \/>\n\t<meta property=\"og:image:width\" content=\"1350\" \/>\n\t<meta property=\"og:image:height\" content=\"1350\" \/>\n\t<meta property=\"og:image:type\" content=\"image\/png\" \/>\n<meta name=\"twitter:card\" content=\"summary_large_image\" \/>\n<meta name=\"twitter:label1\" content=\"Estimeret l\u00e6setid\" \/>\n\t<meta name=\"twitter:data1\" content=\"3 minutter\" \/>\n<script type=\"application\/ld+json\" class=\"yoast-schema-graph\">{\"@context\":\"https:\/\/schema.org\",\"@graph\":[{\"@type\":\"WebPage\",\"@id\":\"https:\/\/tmcnordic.com\/nn\/privacy-policy\/\",\"url\":\"https:\/\/tmcnordic.com\/nn\/privacy-policy\/\",\"name\":\"Privacy Policy &#8211; TMC Nordic\",\"isPartOf\":{\"@id\":\"https:\/\/tmcnordic.com\/#website\"},\"datePublished\":\"2021-07-28T13:35:52+00:00\",\"dateModified\":\"2021-10-05T07:38:04+00:00\",\"breadcrumb\":{\"@id\":\"https:\/\/tmcnordic.com\/nn\/privacy-policy\/#breadcrumb\"},\"inLanguage\":\"da-DK\",\"potentialAction\":[{\"@type\":\"ReadAction\",\"target\":[\"https:\/\/tmcnordic.com\/nn\/privacy-policy\/\"]}]},{\"@type\":\"BreadcrumbList\",\"@id\":\"https:\/\/tmcnordic.com\/nn\/privacy-policy\/#breadcrumb\",\"itemListElement\":[{\"@type\":\"ListItem\",\"position\":1,\"name\":\"Home\",\"item\":\"https:\/\/tmcnordic.com\/\"},{\"@type\":\"ListItem\",\"position\":2,\"name\":\"Privacy Policy\"}]},{\"@type\":\"WebSite\",\"@id\":\"https:\/\/tmcnordic.com\/#website\",\"url\":\"https:\/\/tmcnordic.com\/\",\"name\":\"TMC Nordic\",\"description\":\"Best distributor of international fragrance, cosmetics, hair- and skincare brands.\",\"publisher\":{\"@id\":\"https:\/\/tmcnordic.com\/#organization\"},\"potentialAction\":[{\"@type\":\"SearchAction\",\"target\":{\"@type\":\"EntryPoint\",\"urlTemplate\":\"https:\/\/tmcnordic.com\/?s={search_term_string}\"},\"query-input\":\"required name=search_term_string\"}],\"inLanguage\":\"da-DK\"},{\"@type\":\"Organization\",\"@id\":\"https:\/\/tmcnordic.com\/#organization\",\"name\":\"TMC Nordic\",\"url\":\"https:\/\/tmcnordic.com\/\",\"logo\":{\"@type\":\"ImageObject\",\"inLanguage\":\"da-DK\",\"@id\":\"https:\/\/tmcnordic.com\/#\/schema\/logo\/image\/\",\"url\":\"https:\/\/dev.tmcnordic.com\/wp-content\/uploads\/2021\/09\/Group-343-1.png\",\"contentUrl\":\"https:\/\/dev.tmcnordic.com\/wp-content\/uploads\/2021\/09\/Group-343-1.png\",\"width\":1350,\"height\":1350,\"caption\":\"TMC Nordic\"},\"image\":{\"@id\":\"https:\/\/tmcnordic.com\/#\/schema\/logo\/image\/\"},\"sameAs\":[\"https:\/\/www.facebook.com\/tmcnordic-104321511370367\/\",\"https:\/\/www.instagram.com\/tmcnordic\/\",\"https:\/\/www.linkedin.com\/company\/tmc-nordic\/\"]}]}<\/script>\n<!-- \/ Yoast SEO plugin. -->","yoast_head_json":{"title":"Privacy Policy &#8211; TMC Nordic","robots":{"index":"index","follow":"follow","max-snippet":"max-snippet:-1","max-image-preview":"max-image-preview:large","max-video-preview":"max-video-preview:-1"},"canonical":"https:\/\/tmcnordic.com\/da\/privacy-policy\/","og_locale":"da_DK","og_type":"article","og_title":"Privacy Policy &#8211; TMC Nordic","og_description":"Comments When visitors leave comments on the site we collect the data shown in the comments form, and also the visitor\u2019s IP address and browser user agent string to help...","og_url":"https:\/\/tmcnordic.com\/da\/privacy-policy\/","og_site_name":"TMC Nordic","article_publisher":"https:\/\/www.facebook.com\/tmcnordic-104321511370367\/","article_modified_time":"2021-10-05T07:38:04+00:00","og_image":[{"width":1350,"height":1350,"url":"https:\/\/tmcnordic.com\/wp-content\/uploads\/2021\/09\/Group-343-4.png","type":"image\/png"}],"twitter_card":"summary_large_image","twitter_misc":{"Estimeret l\u00e6setid":"3 minutter"},"schema":{"@context":"https:\/\/schema.org","@graph":[{"@type":"WebPage","@id":"https:\/\/tmcnordic.com\/nn\/privacy-policy\/","url":"https:\/\/tmcnordic.com\/nn\/privacy-policy\/","name":"Privacy Policy &#8211; TMC Nordic","isPartOf":{"@id":"https:\/\/tmcnordic.com\/#website"},"datePublished":"2021-07-28T13:35:52+00:00","dateModified":"2021-10-05T07:38:04+00:00","breadcrumb":{"@id":"https:\/\/tmcnordic.com\/nn\/privacy-policy\/#breadcrumb"},"inLanguage":"da-DK","potentialAction":[{"@type":"ReadAction","target":["https:\/\/tmcnordic.com\/nn\/privacy-policy\/"]}]},{"@type":"BreadcrumbList","@id":"https:\/\/tmcnordic.com\/nn\/privacy-policy\/#breadcrumb","itemListElement":[{"@type":"ListItem","position":1,"name":"Home","item":"https:\/\/tmcnordic.com\/"},{"@type":"ListItem","position":2,"name":"Privacy Policy"}]},{"@type":"WebSite","@id":"https:\/\/tmcnordic.com\/#website","url":"https:\/\/tmcnordic.com\/","name":"TMC Nordic","description":"Best distributor of international fragrance, cosmetics, hair- and skincare brands.","publisher":{"@id":"https:\/\/tmcnordic.com\/#organization"},"potentialAction":[{"@type":"SearchAction","target":{"@type":"EntryPoint","urlTemplate":"https:\/\/tmcnordic.com\/?s={search_term_string}"},"query-input":"required name=search_term_string"}],"inLanguage":"da-DK"},{"@type":"Organization","@id":"https:\/\/tmcnordic.com\/#organization","name":"TMC Nordic","url":"https:\/\/tmcnordic.com\/","logo":{"@type":"ImageObject","inLanguage":"da-DK","@id":"https:\/\/tmcnordic.com\/#\/schema\/logo\/image\/","url":"https:\/\/dev.tmcnordic.com\/wp-content\/uploads\/2021\/09\/Group-343-1.png","contentUrl":"https:\/\/dev.tmcnordic.com\/wp-content\/uploads\/2021\/09\/Group-343-1.png","width":1350,"height":1350,"caption":"TMC Nordic"},"image":{"@id":"https:\/\/tmcnordic.com\/#\/schema\/logo\/image\/"},"sameAs":["https:\/\/www.facebook.com\/tmcnordic-104321511370367\/","https:\/\/www.instagram.com\/tmcnordic\/","https:\/\/www.linkedin.com\/company\/tmc-nordic\/"]}]}},"_links":{"self":[{"href":"https:\/\/tmcnordic.com\/da\/wp-json\/wp\/v2\/pages\/3"}],"collection":[{"href":"https:\/\/tmcnordic.com\/da\/wp-json\/wp\/v2\/pages"}],"about":[{"href":"https:\/\/tmcnordic.com\/da\/wp-json\/wp\/v2\/types\/page"}],"author":[{"embeddable":true,"href":"https:\/\/tmcnordic.com\/da\/wp-json\/wp\/v2\/users\/10"}],"replies":[{"embeddable":true,"href":"https:\/\/tmcnordic.com\/da\/wp-json\/wp\/v2\/comments?post=3"}],"version-history":[{"count":1,"href":"https:\/\/tmcnordic.com\/da\/wp-json\/wp\/v2\/pages\/3\/revisions"}],"predecessor-version":[{"id":3948,"href":"https:\/\/tmcnordic.com\/da\/wp-json\/wp\/v2\/pages\/3\/revisions\/3948"}],"wp:attachment":[{"href":"https:\/\/tmcnordic.com\/da\/wp-json\/wp\/v2\/media?parent=3"}],"curies":[{"name":"wp","href":"https:\/\/api.w.org\/{rel}","templated":true}]}}